{"id":25197,"date":"2024-03-04T05:09:35","date_gmt":"2024-03-04T05:09:35","guid":{"rendered":"https:\/\/www.andradereg.com\/?page_id=25197"},"modified":"2024-03-04T05:09:35","modified_gmt":"2024-03-04T05:09:35","slug":"disclaimer","status":"publish","type":"page","link":"https:\/\/www.andradereg.com\/es\/disclaimer\/","title":{"rendered":"Descargo de responsabilidad"},"content":{"rendered":"<div class=\"fusion-fullwidth fullwidth-box nonhundred-percent-fullwidth non-hundred-percent-height-scrolling\"  style='background-color: rgba(255,255,255,0);background-position: center center;background-repeat: no-repeat;padding-top:0px;padding-right:0px;padding-bottom:0px;padding-left:0px;'><div class=\"fusion-builder-row fusion-row\"><div  class=\"fusion-layout-column fusion_builder_column fusion_builder_column_1_1  fusion-one-full fusion-column-first fusion-column-last 1_1\"  style='margin-top:0px;margin-bottom:20px;'>\n\t\t\t\t\t<div class=\"fusion-column-wrapper\" style=\"padding: 0px 0px 0px 0px;background-position:left top;background-repeat:no-repeat;-webkit-background-size:cover;-moz-background-size:cover;-o-background-size:cover;background-size:cover;\"  data-bg-url=\"\">\n\t\t\t\t\t\t<br><div class=\"fusion-text\" id=\"privacy\"><p><span style=\"color: #000000; font-size: 18pt;\"><strong>Descargo de responsabilidad<\/strong><\/span><\/p>\n<p><span style=\"color: #000000; font-size: 12pt;\">El contenido proporcionado en este sitio web sirve como informaci\u00f3n general y no debe considerarse como asesoramiento profesional. Si bien Andrade Real Estate se esfuerza por garantizar la exactitud y confiabilidad de la informaci\u00f3n, no podemos garantizar su integridad o puntualidad. La informaci\u00f3n de este sitio web puede quedar obsoleta con el tiempo y se recomienda a los usuarios que verifiquen cualquier detalle antes de tomar decisiones basadas en dicha informaci\u00f3n.<\/span><\/p>\n<p><span style=\"color: #000000; font-size: 12pt;\"><strong>1. Limitaci\u00f3n de responsabilidad<\/strong><\/span><\/p>\n<p><span style=\"color: #000000; font-size: 12pt;\">Andrade Real Estate no ser\u00e1 responsable de ning\u00fan da\u00f1o, ya sea directo, indirecto, especial o consecuente, que surja del uso o la confianza en la informaci\u00f3n presentada en este sitio web. Esto incluye, entre otros, p\u00e9rdida de beneficios, datos o interrupci\u00f3n del negocio. Los usuarios son los \u00fanicos responsables de cualquier actuaci\u00f3n realizada en base a la informaci\u00f3n proporcionada en este sitio web. Adem\u00e1s, Andrade Real Estate no respalda ni asume responsabilidad por el contenido de ning\u00fan sitio web externo vinculado desde este sitio.<\/span><\/p>\n<p><span style=\"color: #000000; font-size: 12pt;\"><strong>2. Asesoramiento profesional<\/strong><\/span><\/p>\n<p><span style=\"color: #000000; font-size: 12pt;\">La informaci\u00f3n proporcionada en este sitio web no constituye una relaci\u00f3n profesional entre el usuario y Andrade Real Estate. Los usuarios deben consultar con profesionales o asesores calificados antes de tomar cualquier decisi\u00f3n relacionada con transacciones o inversiones inmobiliarias. Todos los puntos de vista u opiniones expresados en este sitio web son los de sus respectivos autores y no reflejan necesariamente los puntos de vista de Andrade Real Estate.<\/span><\/p>\n<p><span style=\"color: #000000; font-size: 12pt;\"><strong>3. Disponibilidad del sitio web<\/strong><\/span><\/p>\n<p><span style=\"color: #000000; font-size: 12pt;\">Andrade Real Estate se reserva el derecho de modificar, actualizar o discontinuar el contenido y los servicios proporcionados en este sitio web en cualquier momento sin previo aviso. No garantizamos la disponibilidad del sitio web en todo momento, y no seremos responsables de las consecuencias derivadas de la indisponibilidad temporal o permanente del sitio web.<\/span><\/p>\n<p><span style=\"color: #000000; font-size: 12pt;\"><strong>4. Indemnizaci\u00f3n<\/strong><\/span><\/p>\n<p><span style=\"color: #000000; font-size: 12pt;\">Al acceder y utilizar este sitio web, usted acepta indemnizar y eximir de responsabilidad a Andrade Real Estate, sus afiliados, empleados y agentes de cualquier reclamo, da\u00f1o, responsabilidad o gasto (incluidos los honorarios de abogados) que surjan de su uso de este sitio web o violaci\u00f3n de estos t\u00e9rminos y condiciones.<\/span><\/p>\n<p><span style=\"color: #000000; font-size: 12pt;\">Si tiene alguna pregunta sobre estos T\u00e9rminos, cont\u00e1ctenos en homes@andradereg.com o ll\u00e1menos al 209-560-6040.<\/span><\/p>\n<p><span style=\"color: #000000; font-size: 12pt;\">Salvador Andrade<\/span><br \/>\n<span style=\"color: #000000; font-size: 12pt;\">Tel\u00e9fono: 209-560-6040<\/span><br \/>\n<span style=\"color: #000000; font-size: 12pt;\">Correo electr\u00f3nico: hogares@andradereg.com<\/span><\/p>\n<\/div><div class=\"fusion-clearfix\"><\/div>\n\n\t\t\t\t\t<\/div>\n\t\t\t\t<\/div><\/div><\/div>","protected":false},"excerpt":{"rendered":"","protected":false},"author":1,"featured_media":0,"parent":0,"menu_order":0,"comment_status":"closed","ping_status":"closed","template":"","meta":[],"aioseo_notices":[],"_links":{"self":[{"href":"https:\/\/www.andradereg.com\/es\/wp-json\/wp\/v2\/pages\/25197"}],"collection":[{"href":"https:\/\/www.andradereg.com\/es\/wp-json\/wp\/v2\/pages"}],"about":[{"href":"https:\/\/www.andradereg.com\/es\/wp-json\/wp\/v2\/types\/page"}],"author":[{"embeddable":true,"href":"https:\/\/www.andradereg.com\/es\/wp-json\/wp\/v2\/users\/1"}],"replies":[{"embeddable":true,"href":"https:\/\/www.andradereg.com\/es\/wp-json\/wp\/v2\/comments?post=25197"}],"version-history":[{"count":1,"href":"https:\/\/www.andradereg.com\/es\/wp-json\/wp\/v2\/pages\/25197\/revisions"}],"predecessor-version":[{"id":25199,"href":"https:\/\/www.andradereg.com\/es\/wp-json\/wp\/v2\/pages\/25197\/revisions\/25199"}],"wp:attachment":[{"href":"https:\/\/www.andradereg.com\/es\/wp-json\/wp\/v2\/media?parent=25197"}],"curies":[{"name":"wp","href":"https:\/\/api.w.org\/{rel}","templated":true}]}}