{"id":25193,"date":"2024-03-04T05:07:47","date_gmt":"2024-03-04T05:07:47","guid":{"rendered":"https:\/\/www.andradereg.com\/?page_id=25193"},"modified":"2024-03-04T05:07:47","modified_gmt":"2024-03-04T05:07:47","slug":"terms-and-conditions","status":"publish","type":"page","link":"https:\/\/www.andradereg.com\/es\/terms-and-conditions\/","title":{"rendered":"T\u00e9rminos y condiciones"},"content":{"rendered":"<div class=\"fusion-fullwidth fullwidth-box nonhundred-percent-fullwidth non-hundred-percent-height-scrolling\"  style='background-color: rgba(255,255,255,0);background-position: center center;background-repeat: no-repeat;padding-top:0px;padding-right:0px;padding-bottom:0px;padding-left:0px;'><div class=\"fusion-builder-row fusion-row\"><div  class=\"fusion-layout-column fusion_builder_column fusion_builder_column_1_1  fusion-one-full fusion-column-first fusion-column-last 1_1\"  style='margin-top:0px;margin-bottom:20px;'>\n\t\t\t\t\t<div class=\"fusion-column-wrapper\" style=\"padding: 0px 0px 0px 0px;background-position:left top;background-repeat:no-repeat;-webkit-background-size:cover;-moz-background-size:cover;-o-background-size:cover;background-size:cover;\"  data-bg-url=\"\">\n\t\t\t\t\t\t<br><div class=\"fusion-text\" id=\"privacy\"><p><span style=\"color: #000000; font-size: 18pt;\"><strong>T\u00e9rminos y condiciones<\/strong><\/span><\/p>\n<p><span style=\"color: #000000; font-size: 12pt;\">Bienvenido al sitio web oficial de Andrade Real Estate, accesible en www.andradereg.com. Estos T\u00e9rminos y condiciones (\u201cT\u00e9rminos\u201d) rigen el uso de nuestro sitio web y todos los servicios o funciones que se ofrecen a trav\u00e9s de \u00e9l. Al acceder o utilizar nuestro sitio web, usted acepta cumplir con estos T\u00e9rminos.<\/span><\/p>\n<p><span style=\"color: #000000; font-size: 12pt;\"><strong>1. Aceptaci\u00f3n de t\u00e9rminos<\/strong><\/span><\/p>\n<p><span style=\"color: #000000; font-size: 12pt;\">Al acceder o utilizar nuestro sitio web, usted reconoce y acepta cumplir con estos T\u00e9rminos, as\u00ed como con cualquier t\u00e9rmino y condici\u00f3n adicional que pueda aplicarse a secciones o caracter\u00edsticas espec\u00edficas del sitio web. Su acceso y uso del sitio web est\u00e1 condicionado a su aceptaci\u00f3n y cumplimiento de estos T\u00e9rminos. Si no est\u00e1 de acuerdo con alguna parte de los T\u00e9rminos, no podr\u00e1 acceder al sitio web.<\/span><\/p>\n<p><span style=\"color: #000000; font-size: 12pt;\"><strong>2. Uso del sitio web<\/strong><\/span><\/p>\n<p><span style=\"color: #000000; font-size: 12pt;\">Se le permite utilizar nuestro sitio web \u00fanicamente con fines legales. No debe utilizar nuestro sitio web de ninguna manera que viole las leyes o regulaciones aplicables, incluidas las leyes federales, estatales, locales o internacionales. Al utilizar el sitio web, usted acepta abstenerse de participar en actividades ilegales o no autorizadas que puedan comprometer la integridad o seguridad del sitio.<\/span><\/p>\n<ul>\n<li><span style=\"color: #000000; font-size: 12pt;\">De cualquier manera que viole cualquier ley o reglamento federal, estatal, local o internacional aplicable.<\/span><\/li>\n<li><span style=\"color: #000000; font-size: 12pt;\">Transmitir o procurar el env\u00edo de cualquier material publicitario o promocional, incluido cualquier &quot;correo basura&quot;, &quot;carta en cadena&quot;, &quot;spam&quot; o cualquier otra solicitud similar.<\/span><\/li>\n<li><span style=\"color: #000000; font-size: 12pt;\">Para hacerse pasar o intentar hacerse pasar por nuestra empresa, un empleado de la empresa, otro usuario o cualquier otra persona o entidad.<\/span><\/li>\n<li><span style=\"color: #000000; font-size: 12pt;\">Participar en cualquier otra conducta que restrinja o inhiba el uso o disfrute del sitio web por parte de cualquier persona, o que, seg\u00fan lo determinemos, pueda da\u00f1ar a nuestra empresa o a los usuarios del sitio web. Esto incluye cualquier actividad que interfiera con el correcto funcionamiento del sitio web o interrumpa la experiencia de otros usuarios.<\/span><\/li>\n<\/ul>\n<p><span style=\"color: #000000; font-size: 12pt;\"><strong>3. Propiedad intelectual<\/strong><\/span><\/p>\n<p><span style=\"color: #000000; font-size: 12pt;\">Todo el contenido disponible en nuestro sitio web, incluidos textos, gr\u00e1ficos, logotipos, im\u00e1genes y software, es propiedad intelectual de Andrade Real Estate o sus licenciantes y est\u00e1 protegido por las leyes de propiedad intelectual. No puede utilizar ning\u00fan contenido de nuestro sitio web sin obtener nuestro consentimiento previo por escrito. Esto incluye, entre otros, copiar, distribuir, modificar o mostrar p\u00fablicamente cualquier contenido sin autorizaci\u00f3n.<\/span><\/p>\n<p><span style=\"color: #000000; font-size: 12pt;\"><strong>4. Contenido del usuario<\/strong><\/span><\/p>\n<p><span style=\"color: #000000; font-size: 12pt;\">Cualquier contenido que env\u00ede o publique en nuestro sitio web, como comentarios, rese\u00f1as u otros materiales, debe ser preciso y no debe infringir los derechos de terceros ni violar ninguna ley. Al enviar contenido a nuestro sitio web, usted otorga a Andrade Real Estate una licencia mundial, libre de regal\u00edas, no exclusiva, transferible y sublicenciable para usar, reproducir, adaptar, distribuir y mostrar dicho contenido. Esto incluye el derecho a modificar, adaptar, traducir y crear trabajos derivados basados en el contenido.<\/span><\/p>\n<p><span style=\"color: #000000; font-size: 12pt;\"><strong>5. Descargos de responsabilidad<\/strong><\/span><\/p>\n<p><span style=\"color: #000000; font-size: 12pt;\">Nuestro sitio web se proporciona &quot;tal cual&quot; y &quot;seg\u00fan disponibilidad&quot; sin garant\u00edas de ning\u00fan tipo, ya sean expresas o impl\u00edcitas. No garantizamos que el sitio web est\u00e9 libre de errores, sea seguro o ininterrumpido. Si bien nos esforzamos por proporcionar informaci\u00f3n precisa y actualizada, no hacemos declaraciones ni garant\u00edas de ning\u00fan tipo con respecto a la exactitud, integridad o confiabilidad de cualquier contenido del sitio web.<\/span><\/p>\n<p><span style=\"color: #000000; font-size: 12pt;\"><strong>6. Limitaci\u00f3n de responsabilidad<\/strong><\/span><\/p>\n<p><span style=\"color: #000000; font-size: 12pt;\">Andrade Real Estate, sus afiliados y licenciantes no ser\u00e1n responsables de ning\u00fan da\u00f1o directo, indirecto, incidental, consecuente o punitivo que surja de o est\u00e9 relacionado con el uso de nuestro sitio web. Esto incluye, entre otros, da\u00f1os por p\u00e9rdida de beneficios, datos u otras p\u00e9rdidas intangibles, incluso si se nos ha informado de la posibilidad de dichos da\u00f1os. En ning\u00fan caso nuestra responsabilidad total hacia usted exceder\u00e1 el monto pagado por usted, si corresponde, por acceder o utilizar nuestro sitio web.<\/span><\/p>\n<p><span style=\"color: #000000; font-size: 12pt;\"><strong>7. Indemnizaci\u00f3n<\/strong><\/span><\/p>\n<p><span style=\"color: #000000; font-size: 12pt;\">Usted acepta indemnizar y eximir de responsabilidad a Andrade Real Estate, sus afiliados y licenciantes de cualquier reclamo, da\u00f1o, gasto u otras p\u00e9rdidas que resulten de su uso de nuestro sitio web, su incumplimiento de estos T\u00e9rminos o su violaci\u00f3n de cualquier derecho de terceros. . Esto incluye, entre otros, cualquier reclamo que surja de su incumplimiento de las leyes o regulaciones aplicables, su violaci\u00f3n de cualquier derecho de propiedad intelectual o cualquier uso no autorizado del sitio web por parte de usted o de cualquier persona que use su cuenta.<\/span><\/p>\n<p><span style=\"color: #000000; font-size: 12pt;\"><strong>8. Terminaci\u00f3n<\/strong><\/span><\/p>\n<p><span style=\"color: #000000; font-size: 12pt;\">Nos reservamos el derecho de cancelar o suspender su acceso a nuestro sitio web sin previo aviso ni responsabilidad, por cualquier motivo, incluso si viola estos T\u00e9rminos. Tras la rescisi\u00f3n, su derecho a utilizar el sitio web cesar\u00e1 inmediatamente y podremos eliminar o desactivar su cuenta y toda la informaci\u00f3n y los archivos relacionados con ella. Puede rescindir estos T\u00e9rminos interrumpiendo el uso del sitio web y cerrando su cuenta, si corresponde.<\/span><\/p>\n<p><span style=\"color: #000000; font-size: 12pt;\"><strong>9. Cambios a los t\u00e9rminos<\/strong><\/span><\/p>\n<p><span style=\"color: #000000; font-size: 12pt;\">Podemos revisar estos T\u00e9rminos en cualquier momento sin previo aviso. Al continuar utilizando nuestro sitio web despu\u00e9s de dichas revisiones, usted acepta estar sujeto a los T\u00e9rminos actualizados. Es su responsabilidad revisar estos T\u00e9rminos peri\u00f3dicamente para detectar cualquier cambio. Si no est\u00e1 de acuerdo con los T\u00e9rminos modificados, debe dejar de utilizar el sitio web inmediatamente.<\/span><\/p>\n<p><span style=\"color: #000000; font-size: 12pt;\"><strong>10. Ley aplicable<\/strong><\/span><\/p>\n<p><span style=\"color: #000000; font-size: 12pt;\">Estos T\u00e9rminos y cualquier disputa que surja o est\u00e9 relacionada con el uso de nuestro sitio web se regir\u00e1n e interpretar\u00e1n de acuerdo con las leyes de los Estados Unidos y Malasia, sin tener en cuenta los conflictos de principios legales. Cualquier acci\u00f3n o procedimiento legal que surja de estos T\u00e9rminos o est\u00e9 relacionado con ellos o su uso del sitio web se llevar\u00e1 a cabo exclusivamente en los tribunales ubicados en los Estados Unidos o Malasia, y por la presente usted acepta la jurisdicci\u00f3n de dichos tribunales.<\/span><\/p>\n<p><span style=\"color: #000000; font-size: 12pt;\"><strong>11. Acuerdo completo<\/strong><\/span><\/p>\n<p><span style=\"color: #000000; font-size: 12pt;\">Estos T\u00e9rminos constituyen el acuerdo completo entre usted y Andrade Real Estate con respecto al uso de nuestro sitio web. Estos T\u00e9rminos reemplazan todos los acuerdos y entendimientos anteriores o contempor\u00e1neos, ya sean escritos u orales, relacionados con el tema aqu\u00ed tratado. Cualquier renuncia a cualquier disposici\u00f3n de los T\u00e9rminos ser\u00e1 efectiva \u00fanicamente si se realiza por escrito y firmada por un representante autorizado de Andrade Real Estate.<\/span><\/p>\n<p><span style=\"color: #000000; font-size: 12pt;\">Si tiene alguna pregunta sobre estos T\u00e9rminos, cont\u00e1ctenos en homes@andradereg.com o ll\u00e1menos al 209-560-6040.<\/span><\/p>\n<p><span style=\"color: #000000; font-size: 12pt;\">Salvador Andrade<\/span><br \/>\n<span style=\"color: #000000; font-size: 12pt;\">Tel\u00e9fono: 209-560-6040<\/span><br \/>\n<span style=\"color: #000000; font-size: 12pt;\">Correo electr\u00f3nico: hogares@andradereg.com<\/span><\/p>\n<\/div><div class=\"fusion-clearfix\"><\/div>\n\n\t\t\t\t\t<\/div>\n\t\t\t\t<\/div><\/div><\/div>","protected":false},"excerpt":{"rendered":"","protected":false},"author":1,"featured_media":0,"parent":0,"menu_order":0,"comment_status":"closed","ping_status":"closed","template":"","meta":[],"aioseo_notices":[],"_links":{"self":[{"href":"https:\/\/www.andradereg.com\/es\/wp-json\/wp\/v2\/pages\/25193"}],"collection":[{"href":"https:\/\/www.andradereg.com\/es\/wp-json\/wp\/v2\/pages"}],"about":[{"href":"https:\/\/www.andradereg.com\/es\/wp-json\/wp\/v2\/types\/page"}],"author":[{"embeddable":true,"href":"https:\/\/www.andradereg.com\/es\/wp-json\/wp\/v2\/users\/1"}],"replies":[{"embeddable":true,"href":"https:\/\/www.andradereg.com\/es\/wp-json\/wp\/v2\/comments?post=25193"}],"version-history":[{"count":2,"href":"https:\/\/www.andradereg.com\/es\/wp-json\/wp\/v2\/pages\/25193\/revisions"}],"predecessor-version":[{"id":25196,"href":"https:\/\/www.andradereg.com\/es\/wp-json\/wp\/v2\/pages\/25193\/revisions\/25196"}],"wp:attachment":[{"href":"https:\/\/www.andradereg.com\/es\/wp-json\/wp\/v2\/media?parent=25193"}],"curies":[{"name":"wp","href":"https:\/\/api.w.org\/{rel}","templated":true}]}}