{"id":22972,"date":"2023-08-11T18:50:17","date_gmt":"2023-08-11T18:50:17","guid":{"rendered":"https:\/\/www.andradereg.com\/?page_id=22972"},"modified":"2024-03-10T18:59:01","modified_gmt":"2024-03-10T18:59:01","slug":"privacy","status":"publish","type":"page","link":"https:\/\/www.andradereg.com\/es\/privacy\/","title":{"rendered":"pol\u00edtica de privacidad"},"content":{"rendered":"<div class=\"fusion-fullwidth fullwidth-box nonhundred-percent-fullwidth non-hundred-percent-height-scrolling\"  style='background-color: rgba(255,255,255,0);background-position: center center;background-repeat: no-repeat;padding-top:0px;padding-right:0px;padding-bottom:0px;padding-left:0px;'><div class=\"fusion-builder-row fusion-row\"><div  class=\"fusion-layout-column fusion_builder_column fusion_builder_column_1_1  fusion-one-full fusion-column-first fusion-column-last 1_1\"  style='margin-top:0px;margin-bottom:20px;'>\n\t\t\t\t\t<div class=\"fusion-column-wrapper\" style=\"padding: 0px 0px 0px 0px;background-position:left top;background-repeat:no-repeat;-webkit-background-size:cover;-moz-background-size:cover;-o-background-size:cover;background-size:cover;\"  data-bg-url=\"\">\n\t\t\t\t\t\t<br><div class=\"fusion-text\" id=\"privacy\"><p><span style=\"color: #000000; font-size: 18pt;\"><strong>pol\u00edtica de privacidad<\/strong><\/span><\/p>\n<p><span style=\"color: #000000; font-size: 12pt;\">Fecha de vigencia: 10 de agosto de 2023<\/span><\/p>\n<p><span style=\"color: #000000; font-size: 12pt;\">Bienvenido a www.andradereg.com (\u201cnosotros\u201d, \u201cnos\u201d o \u201cnuestro\u201d). Estamos comprometidos a proteger su privacidad y garantizar que su informaci\u00f3n personal se maneje de manera segura y responsable. Esta Pol\u00edtica de Privacidad describe los tipos de datos personales que recopilamos, c\u00f3mo los usamos y compartimos, y las opciones que tiene con respecto a su informaci\u00f3n personal.<\/span><\/p>\n<p><span style=\"color: #000000; font-size: 12pt;\"><strong>1. Recopilaci\u00f3n y uso de datos personales<\/strong><\/span><\/p>\n<p><span style=\"color: #000000; font-size: 12pt;\">Recopilamos los siguientes tipos de datos personales de los usuarios:<\/span><\/p>\n<ul>\n<li><span style=\"color: #000000; font-size: 12pt;\">Nombres<\/span><\/li>\n<li><span style=\"color: #000000; font-size: 12pt;\">Correos electr\u00f3nicos<\/span><\/li>\n<li><span style=\"color: #000000; font-size: 12pt;\">N\u00fameros de tel\u00e9fono<\/span><\/li>\n<li><span style=\"color: #000000; font-size: 12pt;\">Direcciones IP<\/span><\/li>\n<li><span style=\"color: #000000; font-size: 12pt;\">Galletas<\/span><\/li>\n<\/ul>\n<p><span style=\"color: #000000; font-size: 12pt;\">Utilizamos los datos recopilados para los siguientes fines:<\/span><\/p>\n<ul>\n<li><span style=\"color: #000000; font-size: 12pt;\">Env\u00edo de listados de bienes ra\u00edces que coincidan con los criterios del usuario<\/span><\/li>\n<li><span style=\"color: #000000; font-size: 12pt;\">Realizaci\u00f3n de an\u00e1lisis para mejorar nuestros servicios.<\/span><\/li>\n<li><span style=\"color: #000000; font-size: 12pt;\">Comunicaciones de marketing relacionadas con servicios inmobiliarios.<\/span><\/li>\n<li><span style=\"color: #000000; font-size: 12pt;\"><span style=\"color: #000000;\">Comunicaci\u00f3n con los usuarios sobre sus preferencias y consultas<\/span><\/span><\/li>\n<\/ul>\n<p><span style=\"color: #000000; font-size: 12pt;\"><strong>2. Informaci\u00f3n que recopilamos y obtenemos<\/strong><\/span><\/p>\n<p><span style=\"color: #000000; font-size: 12pt;\">Obtenemos informaci\u00f3n personal sobre usted de diversas fuentes, que incluyen:<\/span><\/p>\n<ul>\n<li><span style=\"color: #000000; font-size: 12pt;\">Informaci\u00f3n que usted nos proporciona directamente (p. ej., informaci\u00f3n de contacto, rese\u00f1as, comentarios, encuestas)<\/span><\/li>\n<li><span style=\"color: #000000; font-size: 12pt;\">Informaci\u00f3n obtenida de otras fuentes (p. ej., datos demogr\u00e1ficos, datos de compras, datos ocupacionales, inicio de sesi\u00f3n de cuentas de terceros)<\/span><\/li>\n<li><span style=\"color: #000000; font-size: 12pt;\">Informaci\u00f3n recopilada a trav\u00e9s de medios automatizados (p. ej., direcci\u00f3n IP, informaci\u00f3n del dispositivo, interacciones del sitio web, informaci\u00f3n de ubicaci\u00f3n)<\/span><\/li>\n<\/ul>\n<p><span style=\"color: #000000; font-size: 12pt;\"><strong>3. Cookies y seguimiento<\/strong><\/span><\/p>\n<p><span style=\"color: #000000; font-size: 12pt;\">Utilizamos cookies, incluidas cookies de terceros (por ejemplo, Google Ads), para los siguientes fines:<\/span><\/p>\n<ul>\n<li><span style=\"color: #000000; font-size: 12pt;\">Mostrar anuncios relevantes<\/span><\/li>\n<li><span style=\"color: #000000; font-size: 12pt;\">Seguimiento de las preferencias del usuario y viviendas deseadas<\/span><\/li>\n<li><span style=\"color: #000000; font-size: 12pt;\">Mejorar la experiencia del usuario y la funcionalidad del sitio<\/span><\/li>\n<\/ul>\n<p><span style=\"color: #000000; font-size: 12pt;\"><strong>4. Seguridad de los datos<\/strong><\/span><\/p>\n<p><span style=\"color: #000000; font-size: 12pt;\">Nos tomamos en serio la seguridad de su informaci\u00f3n personal y hemos implementado un conjunto integral de medidas para salvaguardar sus datos. Nuestro enfoque abarca salvaguardias administrativas, t\u00e9cnicas y f\u00edsicas, todas ellas destinadas a proteger la informaci\u00f3n personal que recopilamos de destrucci\u00f3n, p\u00e9rdida, alteraci\u00f3n, acceso, divulgaci\u00f3n o uso accidental, ilegal o no autorizado.<\/span><\/p>\n<p><span style=\"color: #000000; font-size: 12pt;\">Si bien nos esforzamos por mantener el m\u00e1s alto nivel de seguridad, es esencial comprender que no se puede garantizar que ninguna transmisi\u00f3n o almacenamiento de datos, incluida la informaci\u00f3n intercambiada a trav\u00e9s de Internet, sea completamente inmune a los riesgos de seguridad. A pesar de nuestros mejores esfuerzos, no podemos garantizar que los datos est\u00e9n 100% seguros. Monitoreamos y actualizamos continuamente nuestras medidas de seguridad para adelantarnos a las amenazas y vulnerabilidades en evoluci\u00f3n, manteniendo un fuerte compromiso para mantener su informaci\u00f3n segura. Su confianza es esencial para nosotros y trabajamos diligentemente para ganarla y mantenerla.<\/span><\/p>\n<p><span style=\"color: #000000; font-size: 12pt;\"><strong>5. Tus elecciones y derechos<\/strong><\/span><\/p>\n<p><span style=\"color: #000000; font-size: 12pt;\">Tiene ciertas opciones y derechos en relaci\u00f3n con la informaci\u00f3n personal que recopilamos sobre usted.<\/span><\/p>\n<ul>\n<li><span style=\"color: #000000; font-size: 12pt;\">Puede optar por utilizar nuestros Servicios sin proporcionar ninguna informaci\u00f3n sobre usted directamente, pero cierta informaci\u00f3n puede ser recopilada autom\u00e1ticamente o solicitada por nosotros para aprovechar ciertas funciones de nuestros Servicios.<\/span><\/li>\n<li><span style=\"color: #000000; font-size: 12pt;\">Puede solicitarnos que eliminemos su informaci\u00f3n de nuestras listas de correo de marketing. Puede darse de baja de nuestras listas de correo de marketing siguiendo el enlace &quot;Cancelar suscripci\u00f3n&quot; en nuestros correos electr\u00f3nicos. Sin embargo, es posible que a\u00fan se env\u00eden anuncios de servicios esenciales.<\/span><\/li>\n<li><span style=\"color: #000000; font-size: 12pt;\">Usted tiene opciones sobre si se colocan cookies y tecnolog\u00edas similares en su dispositivo. Se proporciona informaci\u00f3n sobre c\u00f3mo darse de baja.<\/span><\/li>\n<li><span style=\"color: #000000; font-size: 12pt;\">Puede optar por no participar en el uso de los datos que nosotros o nuestros proveedores de servicios externos recopilamos sobre sus actividades para brindarle publicidad personalizada sobre productos y servicios de su inter\u00e9s.<\/span><\/li>\n<\/ul>\n<p><span style=\"color: #000000; font-size: 12pt;\"><strong>6. Acceso, correcci\u00f3n y eliminaci\u00f3n de su informaci\u00f3n personal<\/strong><\/span><\/p>\n<p><span style=\"color: #000000; font-size: 12pt;\">Los residentes de California tienen derechos espec\u00edficos seg\u00fan la Ley de Privacidad del Consumidor de California (CCPA). Puede solicitar que le proporcionemos las categor\u00edas de informaci\u00f3n personal que hemos recopilado o divulgado sobre usted, as\u00ed como los prop\u00f3sitos para los cuales esta informaci\u00f3n fue recopilada o divulgada. Tambi\u00e9n tiene derecho a acceder y obtener una copia de su informaci\u00f3n personal. Para ejercer estos derechos o para cualquier otra consulta relacionada con la privacidad, comun\u00edquese con:<\/span><\/p>\n<p><span style=\"color: #000000; font-size: 12pt;\">Salvador Andrade<\/span><br \/>\n<span style=\"color: #000000; font-size: 12pt;\">Tel\u00e9fono: 209-284-9998<\/span><br \/>\n<span style=\"color: #000000; font-size: 12pt;\">Correo electr\u00f3nico: hogares@andradereg.com<\/span><\/p>\n<p><span style=\"color: #000000; font-size: 12pt;\"><strong>7. Derechos de privacidad de los estados<\/strong><\/span><\/p>\n<p><span style=\"font-size: 12pt; color: #000000;\">PARA RESIDENTES DE CALIFORNIA:<\/span><\/p>\n<p><span style=\"font-size: 12pt; color: #000000;\"><strong>Derechos de privacidad de California<\/strong><\/span><\/p>\n<p><span style=\"color: #000000; font-size: 12pt;\">La Ley de Privacidad del Consumidor de California de 2018 (\u201cCCPA\u201d) y la Ley de Derechos de Privacidad de California de 2020 otorgan ciertos derechos a los residentes de California. Esta secci\u00f3n del Aviso de Privacidad se aplica si usted es una persona f\u00edsica residente de California (\u201cConsumidor de California\u201d) y utiliza nuestros Servicios. Este aviso complementa la informaci\u00f3n del Aviso de Privacidad anterior. Ciertos t\u00e9rminos utilizados a continuaci\u00f3n tienen el significado que se les atribuye en la CCPA.<\/span><\/p>\n<p><span style=\"color: #000000; font-size: 12pt;\">A continuaci\u00f3n se establecen las categor\u00edas de informaci\u00f3n que recopilamos y los prop\u00f3sitos para los cuales podemos usar la informaci\u00f3n personal de los Consumidores de California recopilada por nosotros. Se establecen m\u00e1s detalles sobre la informaci\u00f3n personal que podemos recopilar en la secci\u00f3n Informaci\u00f3n que recopilamos y obtenemos.<\/span><\/p>\n<p><span style=\"color: #000000; font-size: 12pt;\"><strong>8. Informaci\u00f3n para visitantes de Canad\u00e1<\/strong><\/span><\/p>\n<p><span style=\"color: #000000; font-size: 12pt;\">La Ley Canadiense de Protecci\u00f3n de Informaci\u00f3n Personal y Documentos Electr\u00f3nicos (PIPEDA) otorga ciertos derechos a los residentes canadienses. Seg\u00fan la ley canadiense, usted tiene derecho a acceder a la informaci\u00f3n personal que poseemos, sujeto a las excepciones aplicables. Puede comunicarse con nosotros o escribirnos a la direcci\u00f3n que figura a continuaci\u00f3n para solicitarnos que accedamos y\/o corrijamos su informaci\u00f3n.<\/span><\/p>\n<p><span style=\"color: #000000; font-size: 12pt;\"><strong>9. C\u00f3mo protegemos la informaci\u00f3n personal<\/strong><\/span><\/p>\n<p><span style=\"color: #000000; font-size: 12pt;\">Mantenemos medidas de seguridad administrativas, t\u00e9cnicas y f\u00edsicas dise\u00f1adas para proteger la informaci\u00f3n personal que tenemos sobre usted contra destrucci\u00f3n, p\u00e9rdida, alteraci\u00f3n, acceso, divulgaci\u00f3n o uso accidental, ilegal o no autorizado. Sin embargo, no se puede garantizar que ninguna transmisi\u00f3n o almacenamiento de datos, incluida la informaci\u00f3n intercambiada a trav\u00e9s de Internet, sea 100% segura.<\/span><\/p>\n<p><span style=\"color: #000000; font-size: 12pt;\"><strong>10. Transferencias de Informaci\u00f3n<\/strong><\/span><\/p>\n<p><span style=\"color: #000000; font-size: 12pt;\">Nuestros Servicios est\u00e1n alojados y administrados desde los Estados Unidos. Podemos transferir la informaci\u00f3n que recopilamos sobre usted a otro pa\u00eds, que puede no considerarse que tiene las mismas leyes de protecci\u00f3n de datos que el pa\u00eds en el que proporcion\u00f3 inicialmente la informaci\u00f3n. Las leyes aplicables en los Estados Unidos y\/u otros pa\u00edses pueden permitir que los tribunales, las autoridades policiales y de seguridad nacional accedan a su informaci\u00f3n personal cuando se encuentren en dicho pa\u00eds.<\/span><\/p>\n<p><span style=\"color: #000000; font-size: 12pt;\"><strong>11. Enlaces a sitios, aplicaciones y servicios de terceros<\/strong><\/span><\/p>\n<p><span style=\"color: #000000; font-size: 12pt;\">Para su comodidad e informaci\u00f3n, nuestros Servicios pueden proporcionar enlaces a sitios, aplicaciones y servicios de terceros que pueden ser operados por empresas no afiliadas a nosotros. Estas empresas pueden tener sus propios avisos o pol\u00edticas de privacidad, que le recomendamos encarecidamente que revise. No somos responsables de las pr\u00e1cticas de privacidad de ning\u00fan sitio, aplicaci\u00f3n o servicio que no sea estadounidense.<\/span><\/p>\n<p><span style=\"color: #000000; font-size: 12pt;\"><strong>12. Cambios a Nuestro Aviso de Privacidad<\/strong><\/span><\/p>\n<p><span style=\"color: #000000; font-size: 12pt;\">Podemos cambiar nuestro Aviso de Privacidad para reflejar cambios en nuestras pr\u00e1cticas y Servicios de privacidad. Si modificamos el Aviso de Privacidad, actualizaremos la \u201cFecha de \u00daltima Modificaci\u00f3n\u201d y los cambios entrar\u00e1n en vigencia a partir de la fecha en que publiquemos dicho Aviso. Para cambios materiales, le notificaremos publicando un aviso destacado en nuestros Servicios indicando en la parte superior del Aviso de Privacidad cu\u00e1ndo se actualiz\u00f3 por \u00faltima vez o por otros medios apropiados, como un correo electr\u00f3nico a trav\u00e9s de la direcci\u00f3n de correo electr\u00f3nico que nos proporcion\u00f3 m\u00e1s recientemente.<\/span><\/p>\n<p><span style=\"color: #000000; font-size: 12pt;\"><strong>Categor\u00edas de informaci\u00f3n personal que recopilamos sobre usted<\/strong><\/span><\/p>\n<p><span style=\"color: #000000; font-size: 12pt;\">Las categor\u00edas de informaci\u00f3n personal que podemos haber recopilado sobre usted o su uso de nuestros Servicios son:<\/span><\/p>\n<ul>\n<li><span style=\"color: #000000; font-size: 12pt;\">Identificadores (como su informaci\u00f3n de contacto, identificadores gubernamentales o identificadores personales \u00fanicos)<\/span><\/li>\n<li><span style=\"color: #000000; font-size: 12pt;\">Informaci\u00f3n comercial (como datos de transacciones o historial de compras)<\/span><\/li>\n<li><span style=\"color: #000000; font-size: 12pt;\">Contenido generado por el usuario (como rese\u00f1as, comentarios, encuestas)<\/span><\/li>\n<li><span style=\"color: #000000; font-size: 12pt;\">Informaci\u00f3n financiera (como informaci\u00f3n de tarjeta de cr\u00e9dito)<\/span><\/li>\n<li><span style=\"color: #000000; font-size: 12pt;\">Actividad de Internet u otra red o dispositivo (como el historial de navegaci\u00f3n o el uso de aplicaciones)<\/span><\/li>\n<li><span style=\"color: #000000; font-size: 12pt;\">Informaci\u00f3n de geolocalizaci\u00f3n<\/span><\/li>\n<li><span style=\"color: #000000; font-size: 12pt;\">Informaci\u00f3n profesional o relacionada con el empleo<\/span><\/li>\n<li><span style=\"color: #000000; font-size: 12pt;\">Informaci\u00f3n educacional<\/span><\/li>\n<li><span style=\"color: #000000; font-size: 12pt;\">Datos de perfil sobre usted y cualquier inferencia extra\u00edda de los datos de perfil (como caracter\u00edsticas, comportamientos, actitudes)<\/span><\/li>\n<li><span style=\"color: #000000; font-size: 12pt;\">Informaci\u00f3n que lo identifica o puede asociarse razonablemente con usted<\/span><\/li>\n<\/ul>\n<p><span style=\"color: #000000; font-size: 12pt;\">Tenga en cuenta que esta lista cubre las categor\u00edas principales de informaci\u00f3n personal que recopilamos y que puede encontrar m\u00e1s detalles sobre los tipos espec\u00edficos de informaci\u00f3n dentro de cada categor\u00eda en la secci\u00f3n &quot;Informaci\u00f3n que recopilamos y obtenemos&quot; de esta Pol\u00edtica de privacidad.<\/span><\/p>\n<p><span style=\"color: #000000; font-size: 12pt;\"><strong>C\u00f3mo contactarnos<\/strong><\/span><\/p>\n<p><span style=\"color: #000000; font-size: 12pt;\">Si tiene alguna pregunta, comentario o inquietud con respecto a esta Pol\u00edtica de privacidad, la forma en que manejamos su informaci\u00f3n personal o para ejercer sus derechos de privacidad, no dude en contactarnos utilizando los siguientes datos:<\/span><\/p>\n<p><span style=\"color: #000000; font-size: 12pt;\">Salvador Andrade<\/span><br \/>\n<span style=\"color: #000000; font-size: 12pt;\">Tel\u00e9fono: 209-560-6040<\/span><br \/>\n<span style=\"color: #000000; font-size: 12pt;\">Correo electr\u00f3nico: hogares@andradereg.com<\/span><\/p>\n<\/div><div class=\"fusion-clearfix\"><\/div>\n\n\t\t\t\t\t<\/div>\n\t\t\t\t<\/div><\/div><\/div>","protected":false},"excerpt":{"rendered":"","protected":false},"author":1,"featured_media":0,"parent":0,"menu_order":0,"comment_status":"closed","ping_status":"closed","template":"","meta":[],"aioseo_notices":[],"_links":{"self":[{"href":"https:\/\/www.andradereg.com\/es\/wp-json\/wp\/v2\/pages\/22972"}],"collection":[{"href":"https:\/\/www.andradereg.com\/es\/wp-json\/wp\/v2\/pages"}],"about":[{"href":"https:\/\/www.andradereg.com\/es\/wp-json\/wp\/v2\/types\/page"}],"author":[{"embeddable":true,"href":"https:\/\/www.andradereg.com\/es\/wp-json\/wp\/v2\/users\/1"}],"replies":[{"embeddable":true,"href":"https:\/\/www.andradereg.com\/es\/wp-json\/wp\/v2\/comments?post=22972"}],"version-history":[{"count":22,"href":"https:\/\/www.andradereg.com\/es\/wp-json\/wp\/v2\/pages\/22972\/revisions"}],"predecessor-version":[{"id":25903,"href":"https:\/\/www.andradereg.com\/es\/wp-json\/wp\/v2\/pages\/22972\/revisions\/25903"}],"wp:attachment":[{"href":"https:\/\/www.andradereg.com\/es\/wp-json\/wp\/v2\/media?parent=22972"}],"curies":[{"name":"wp","href":"https:\/\/api.w.org\/{rel}","templated":true}]}}